{"id":36,"date":"2022-09-22T12:23:41","date_gmt":"2022-09-22T10:23:41","guid":{"rendered":"https:\/\/am-acts.eu\/?page_id=36"},"modified":"2025-06-25T14:06:39","modified_gmt":"2025-06-25T12:06:39","slug":"publications-and-press","status":"publish","type":"page","link":"https:\/\/am-acts.eu\/?page_id=36","title":{"rendered":"Publications and Press"},"content":{"rendered":"<div class=\"wp-block-image is-style-default\">\n<figure class=\"aligncenter size-large is-resized\"><img loading=\"lazy\" decoding=\"async\" width=\"1024\" height=\"397\" src=\"https:\/\/am-acts.eu\/wp-content\/uploads\/2022\/09\/Dissemination-1024x397.png\" alt=\"\" class=\"wp-image-185\" style=\"width:768px;height:298px\" srcset=\"https:\/\/am-acts.eu\/wp-content\/uploads\/2022\/09\/Dissemination-1024x397.png 1024w, https:\/\/am-acts.eu\/wp-content\/uploads\/2022\/09\/Dissemination-300x116.png 300w, https:\/\/am-acts.eu\/wp-content\/uploads\/2022\/09\/Dissemination-768x298.png 768w, https:\/\/am-acts.eu\/wp-content\/uploads\/2022\/09\/Dissemination-1536x596.png 1536w, https:\/\/am-acts.eu\/wp-content\/uploads\/2022\/09\/Dissemination.png 1569w\" sizes=\"auto, (max-width: 1024px) 100vw, 1024px\" \/><\/figure>\n<\/div>\n\n\n<h2 class=\"wp-block-heading\">Press Coverage and Diffussion to General Public<\/h2>\n\n\n\n<ul class=\"wp-block-list\">\n<li>Brief articles in <a href=\"https:\/\/www.europapress.es\/extremadura\/noticia-uex-propone-escudo-basado-soluciones-bioinspiradas-proteger-aeronaves-espaciales-reentrada-20220727102306.html\">Europa Press<\/a>, Cr\u00f3nica Extremadura and 24hExtremadura (27\/07\/2022)<\/li>\n\n\n\n<li>Interview with Pedro Miranda for Europa Press TV (recorded on 28\/07\/2022, emission date TBD).<\/li>\n\n\n\n<li>Live broadcast interview with Pedro Miranda for Radio Interior (28\/07\/2022).<\/li>\n\n\n\n<li>Brief summary in <a rel=\"noreferrer noopener\" href=\"https:\/\/www.hoy.es\/extremadura\/trabaja-escudo-termico-20220728224843-ntvo.html\" target=\"_blank\">Hoy<\/a> (Regional newspapers,  28\/07\/2022). <\/li>\n\n\n\n<li>Coverage by <a rel=\"noreferrer noopener\" href=\"https:\/\/www.hoy.es\/extremadura\/trabaja-escudo-termico-20220728224843-ntvo.html\" target=\"_blank\">Grada<\/a> (Regional magazine, 15\/09\/2022).<\/li>\n<\/ul>\n\n\n\n<h2 class=\"wp-block-heading\">Publications<\/h2>\n\n\n\n<ul class=\"wp-block-list\">\n<li><a href=\"https:\/\/doi.org\/10.4028\/p-4ekatd\">Development of Functionally Graded MetalCeramic Systems by Directed Energy Deposition: A Review<\/a>. D. C. RATNALA, J. ANDERSSON, S. JOSHI. Materials Science Forum (2023), 1107, 105-110. <\/li>\n\n\n\n<li><a href=\"https:\/\/doi.org\/10.3390\/ma17153818\">Oxidation of ZrB2\/MoSi2 Ceramics In Dissociated Air: Influence Of The Elaboration Technique<span lang=\"ES-TRAD\" style=\"font-size:10.0pt;font-family:&quot;Arial Narrow&quot;,sans-serif;\nmso-fareast-font-family:&quot;Times New Roman&quot;;mso-bidi-font-family:&quot;Times New Roman&quot;;\nmso-ansi-language:ES-TRAD;mso-fareast-language:ES;mso-bidi-language:AR-SA\"><\/span>s<\/a>. L. CHARPENTIER, P. MIRANDA, H. TALLARON, F. M. NOGALES, \u00c1. S\u00c1NDEZ-G\u00d3MEZ, E. B\u00caCHE, M. BALAT-PICHELIN. Materials (2024), 17, 3818.<\/li>\n\n\n\n<li><a href=\"https:\/\/doi.org\/10.1016\/j.jeurceramsoc.2024.116966\">Production Of Complex Microchanneled Parts Of ZrB2-MoSi2 Ultra-High Temperature Ceramics By Freeze Casting And Pressureless Spark Plasma Sintering<\/a><span lang=\"ES-TRAD\" style=\"font-size:10.0pt;font-family:&quot;Arial Narrow&quot;,sans-serif;\nmso-fareast-font-family:&quot;Times New Roman&quot;;mso-bidi-font-family:&quot;Times New Roman&quot;;\nmso-ansi-language:ES-TRAD;mso-fareast-language:ES;mso-bidi-language:AR-SA\"><\/span>. \u00c1. S\u00c1NDEZ-G\u00d3MEZ, A. L. ORTIZ, P. MIRANDA. J. Europ. Ceram. Soc. (2024), 45(2), 116966.<\/li>\n\n\n\n<li><a href=\"https:\/\/doi.org\/10.1016\/j.ceramint.2024.02.065\">Affordable spark plasma sintering of superhard Al-doped ZrB2\u00a0nanoceramics from ZrH2, B, and Al mechanically activated by shaker milling<\/a>. J. L\u00d3PEZ-ARENAL, B. M. MOSHTAGHIOUN, D. G\u00d3MEZ-GARCIA, A. L. ORTIZ. Ceram. Int. (2024), 50(9), 15856-15866.<\/li>\n\n\n\n<li><a href=\"https:\/\/doi.org\/10.3233\/ATDE240158\" data-type=\"link\" data-id=\"https:\/\/doi.org\/10.3233\/ATDE240158\">Effect of Laser Power on the Deposition of Alloy 718 Powder on Alumina Substrate Using Laser Directed Energy Deposition: A Single-Track Study<\/a>. D. C. RATNALA, F. HANNING, J. ANDERSSON, S. JOSHI. Advances in Transdisciplinary Engineering (2024), 52, 111-121. <\/li>\n\n\n\n<li><a href=\"https:\/\/doi.org\/10.3390\/ma18081815\">The Impact of Cyclic Oxidation in Dissociated Air on the Mechanical Properties of Freeze-Cast ZrB2\/MoSi2 Ceramics<\/a>.L. CHARPENTIER, E. B\u00caCHE, H. GL\u00c9NAT, \u00c1. S\u00c1NDEZ-G\u00d3MEZ, P. MIRANDA. Materials (2025), 18, 1815.<\/li>\n\n\n\n<li><a href=\"https:\/\/doi.org\/10.1016\/j.ijrmhm.2025.107268\" data-type=\"link\" data-id=\"https:\/\/doi.org\/10.1016\">Processing Of Novel ZrB2-Inconel 718 Cermets By Freeze Casting And Pressureless Spark Plasma Sintering<\/a><span lang=\"ES-TRAD\" style=\"font-size:10.0pt;font-family:&quot;Arial Narrow&quot;,sans-serif;\nmso-fareast-font-family:&quot;Times New Roman&quot;;mso-bidi-font-family:&quot;Times New Roman&quot;;\nmso-ansi-language:ES-TRAD;mso-fareast-language:ES;mso-bidi-language:AR-SA\"><\/span>. \u00c1. S\u00c1NDEZ-G\u00d3MEZ, A. L. ORTIZ, P. MIRANDA. Int. J. Refract. Met. Hard Mater, 2025, 132, 107268.<\/li>\n\n\n\n<li><a href=\"https:\/\/doi.org\/10.1016\/j.jmrt.2025.06.057\">The Parametric Investigation and Microstructural Characterization of Laser Directed Energy Deposited NiCrAlY Powder<\/a>. D. C. RATNALA, F. HANNING, S. JOSHI, J. ANDERSSON. J. Mater. Res. Technol., 2025, 37, 948-962.<\/li>\n\n\n\n<li>Design Of Additively Manufactured Actively Cooled Thermal Shields For Ultra-High Temperature Applications<span lang=\"ES-TRAD\" style=\"font-size:10.0pt;font-family:&quot;Arial Narrow&quot;,sans-serif;\nmso-fareast-font-family:&quot;Times New Roman&quot;;mso-bidi-font-family:&quot;Times New Roman&quot;;\nmso-ansi-language:ES-TRAD;mso-fareast-language:ES;mso-bidi-language:AR-SA\"><\/span>. P. MIRANDA, R. AGUJETAS, J.M. MONTANERO, F.M. NOGALES, A. SAYMA. Case Stud. Therm. Eng., 2025, under review.<\/li>\n\n\n\n<li>F.M. NOGALES, A. L. ORTIZ, P. MIRANDA. Processing of Additively Manufactured Actively Cooled Thermal Shields For Ultra-High Temperature Applications. J. Europ. Ceram. Soc, In preparation<\/li>\n\n\n\n<li>L. CHARPENTIER, D. CHOUDARY, F. HANNING, J. ANDERSSON, P. MIRANDA. Demonstration of an active cooling system for thermal shields. Aerosp. Sci. Technol., In preparation.<\/li>\n\n\n\n<li>F.M. NOGALES, \u00c1. S\u00c1NDEZ-G\u00d3MEZ, A. L. ORTIZ, P. MIRANDA. Effect of boron nitride addition on the microstructure and properties of ultra-high temperature ceramics. Europ. Ceram. Soc., In preparation.<\/li>\n\n\n\n<li>\u00c1. S\u00c1NDEZ-G\u00d3MEZ, A. L. ORTIZ, P. MIRANDA. Oxidation behaviour of ZrB<sub>2<\/sub>-Inconel 718 Cermets By Freeze Casting And Pressureless Spark Plasma Sintering. Int. J. Refract. Met. Hard Mater., In preparation.<\/li>\n\n\n\n<li>D. RATNALA, F. HANNING, S. JOSHI, J. ANDERSSON,. Development of YSZ-Alloy 718 Functional graded materials using laser directed energy deposition, In preparation.<\/li>\n<\/ul>\n\n\n\n<h2 class=\"wp-block-heading\">Scientific Presentations<\/h2>\n\n\n\n<div class=\"wp-block-columns is-not-stacked-on-mobile is-layout-flex wp-container-core-columns-is-layout-9d6595d7 wp-block-columns-is-layout-flex\">\n<div class=\"wp-block-column is-layout-flow wp-block-column-is-layout-flow\" style=\"flex-basis:100%\">\n<ul class=\"wp-block-list\">\n<li><a rel=\"noreferrer noopener\" href=\"https:\/\/www.ecers2023.org\/data\/onglet34\/module0\/modalPreview.php?langue=fr&amp;paramProjet=7296\" target=\"_blank\">Pressureless SPS as a Means for Consolidating Complex Parts of Ultra-High Temperature Ceramics Produced by Direct Ink Writing<\/a>. NOGALES F., PAJARES A., ORTIZ A., MIRANDA P. XVIII ECERS meeting, 2-6 July 2023, Lyon (France).<\/li>\n\n\n\n<li><a rel=\"noreferrer noopener\" href=\"https:\/\/www.ecers2023.org\/data\/onglet34\/module0\/modalPreview.php?langue=fr&amp;paramProjet=7679\" target=\"_blank\">Combining Digital Light Processing with Pressure-less SPS for the additive manufacturing of Ultra-Hight Temperature Ceramics<\/a>. S\u00c1NDEZ \u00c1., NOGALES F., PAJARES A., ORTIZ A., MIRANDA P. XVIII ECERS meeting, 2-6 July 2023, Lyon (France).<\/li>\n\n\n\n<li><a href=\"https:\/\/hal.science\/hal-04228601\" data-type=\"link\" data-id=\"https:\/\/hal.science\/hal-04228601\">Caract\u00e9risation de mat\u00e9riaux en conditions extr\u00eames pour de nouveaux boucliers thermiques \u00e0 refroidissement actif<\/a>. TALLARON H., CHARPENTIER L., BALAT-PICHELIN M. GDR 5th Annual TAMARYS GDR meeting, 26-28 June 2023, Nancy (France).<\/li>\n\n\n\n<li><a href=\"https:\/\/www.scientific.net\/MSF.1107.105\">Development of Functionally Graded MetalCeramic Systems by Directed Energy Deposition: A Review<\/a>. D. C. RATNALA, J. ANDERSSON, S. JOSHI. International Conference on Processing &amp; Manufacturing of Advanced Materials (THERMEC\u20192023). July 2 &#8211; 7, 2023, Vienna (Austria)<\/li>\n\n\n\n<li><a href=\"https:\/\/www.icv.csic.es\/docs\/files\/jji23\/LIBRO_DE_ABSTRACTS_XI_JJI.pdf\">Sinterizaci\u00f3n Mediante SPS Sin Presi\u00f3n Para Piezas Complejas A Partir De Cer\u00e1micas De Ultra Alta Temperatura Producidas Mediante Robocasting<\/a>. F. MARTIN-RAYO, A. PAJARES, A.L. ORTIZ, P. MIRANDA. XI Jornadas de J\u00f3venes Investigadores ICV. 21-22 September 2023, Madrid (Espa\u00f1a)<\/li>\n\n\n\n<li><a href=\"http:\/\/cysc.mima.solutions\/wp-content\/uploads\/2023\/10\/Book-of-Abstracts-2023-final.pdf\">Combining Freeze Casting With Pressure-Less Spark Plasma Sintering For The Manufacturing Of Bulk Ultra-High Temperature Ceramics<\/a>. A. S\u00c1NDEZ, A. PAJARES, A. L. ORTIZ, P. MIRANDA. 15th ECerS Conference for Young Scientists in Ceramics. 11-14 October 2023, Novi Sad (Serbia).<\/li>\n\n\n\n<li>ICME Framework Advancing Multi-material Additive Manufacturing. I. BERGLUND, J. ARISTEDAKIS. TMS2024, April 2024, USA.<\/li>\n\n\n\n<li>Industrial Application of CALPHAD-based ICME. D. LINDER, CALPHAD pre-conference workshop, May 2024, Germany.<\/li>\n\n\n\n<li><a href=\"https:\/\/ebooks.iospress.nl\/volumearticle\/67754\">Effect of laser power on the deposition of alloy 718 powder on alumina substrate using laser directed energy deposition: A single track study<\/a>. D. C. RATNALA, F. HANNING, S. JOSHI, J. ANDERSSON. 11th Swedish Production Symposium SPS-2024. April 23-26, 2024, , Tr\u00f6llhattan (Sweden).<\/li>\n\n\n\n<li><a href=\"https:\/\/shaping9.exordo.com\/programme\/presentation\/78\">Production Of Complex Parts From Ultra-High Temperature Ceramic Materials By Freeze Casting And Pressureless Spark Plasma Sintering<\/a>. A. S\u00c1NDEZ-G\u00d3MEZ, A.L. ORTIZ, P. MIRANDA. Shaping 9 Conference. 25-27 Septiembre 2024, Warsaw (Poland).<\/li>\n\n\n\n<li><a href=\"https:\/\/shaping9.exordo.com\/programme\/presentation\/94\">Pressureless Sintering of Complex Channelled Parts Produced by Direct Ink Writing from Ultra-High Temperature Ceramics<\/a>. F. M. NOGALES, A.L. ORTIZ, P. MIRANDA. Shaping 9 Conference. 25-27 Septiembre 2024, Warsaw (Poland).<\/li>\n\n\n\n<li><a href=\"https:\/\/hal.science\/hal-04785042\" data-type=\"link\" data-id=\"https:\/\/hal.science\/hal-04785042\">Freeze Casted Zrb2\/Mosi2 Ceramics In Extreme Environments Under Solar Concentrated Fluxes<\/a>. L. CHARPENTIER, E. B\u00caCHE, A. S\u00c1NDEZ-G\u00d3MEZ, F. M. NOGALES, P. MIRANDA. SolarPACES 2024. October 8-11, 2024, Rome (Italy).<\/li>\n\n\n\n<li><a href=\"https:\/\/am-acts.eu\/wp-content\/uploads\/2025\/06\/TMS-2025_Dilipkumar-Ratnala.pptx\">Development of YSZ-Alloy 718 Functional graded materials using laser directed energy deposition<\/a>. D. C. RATNALA, F. HANNING, S. JOSHI, J. ANDERSSON. TMS 2025 Annual Meeting &amp; Exhibition, March 23\u201327, 2025 Las Vegas, NV (USA).<\/li>\n\n\n\n<li>ICME Evaluation of AM Powders for Property Control, S. SACHI,  Thermo-Calc user group meeting, Aachen, Germany, 2025.<\/li>\n\n\n\n<li>ICME Technologies Enabling High Performance Materials Solutions for Lightweighting Across Industries, J. ARISTEDAKIS,  Materials Week, Frankfurt, Germany, 2025.<\/li>\n\n\n\n<li>Accelerating Materials Innovation in Industry Using ICME, I. BERGLUND, TMS 2025, Las Vegas, USA, 2025.<\/li>\n\n\n\n<li><a href=\"https:\/\/storage.googleapis.com\/b2match-as-1\/AdDHsECBkNy3LFv7CpQtTkDA\" data-type=\"link\" data-id=\"https:\/\/hal.science\/hal-04785042\">Additive Manufacturing of Actively Cooled Thermal Shields<\/a>. P. MIRANDA, J. ANDERSSON, D. LIDER, L. CHARPENTIER, Advanced Materials and Battery Technologies for a Sustainable Future M-ERA.NET Conference. April 1-2, 2025, Dresden (Germany).<\/li>\n<\/ul>\n<\/div>\n<\/div>\n\n\n\n<h2 class=\"wp-block-heading\">Ms. and PhD. Thesis<\/h2>\n\n\n\n<div class=\"wp-block-columns is-not-stacked-on-mobile is-layout-flex wp-container-core-columns-is-layout-9d6595d7 wp-block-columns-is-layout-flex\">\n<div class=\"wp-block-column is-layout-flow wp-block-column-is-layout-flow\" style=\"flex-basis:100%\">\n<ul class=\"wp-block-list\">\n<li>TALLARON H., <a href=\"https:\/\/am-acts.eu\/wp-content\/uploads\/2023\/09\/Diapo-HT.pptx\">Oxydation a Haute Temperature de ZrB2-MoSi2 et de L\u2019alliage 718 Elabore Par Fabrication Additive<\/a>. Rapport de stage Master 2 SGM, July 2023, Font-Romeu-Odeillo (France).<\/li>\n\n\n\n<li>BERNAB\u00c9 DEL REINO A., <a href=\"https:\/\/am-acts.eu\/wp-content\/uploads\/2023\/11\/TFG-Antonio-Bernabe.pdf\">Simulaci\u00f3n de Escudo T\u00e9rmico para Reentrada Atmosf\u00e9rica<\/a>. Trabajo Fin de Grado. July 2023.<\/li>\n\n\n\n<li>GONZ\u00c1LEZ NAJARRO, J.  <a href=\"https:\/\/am-acts.eu\/wp-content\/uploads\/2024\/10\/TFG-Jesus-Gonzalez.pdf\">Simulaci\u00f3n de Escudo T\u00e9rmico para Reentrada Atmosf\u00e9rica<\/a>.  Trabajo Fin de Grado. July 2024.<\/li>\n\n\n\n<li>RATNALA, D. C., Development of Functional Graded Materials using Laser Directed Energy Deposition process. Licenciate degree. October 2025 (planned defense date); PhD degree (planned defense date: late 2026).<\/li>\n\n\n\n<li>S\u00c1NDEZ-G\u00d3MEZ, A., Colloidal Processing of ZrB<sub>2<\/sub>-based Composites for High Temperature Thermal Shields. December 2025 (planned defense date).<\/li>\n\n\n\n<li>NOGALES, F. M., Development of Actively Cooled Heat Shields by Direct Ink Writing (DIW) of Ultra-High Temperature Ceramics. December 2025 (planned defense date)<\/li>\n<\/ul>\n<\/div>\n<\/div>\n\n\n\n<p><\/p>\n","protected":false},"excerpt":{"rendered":"<p>Press Coverage and Diffussion to General Public Publications Scientific Presentations Ms. and PhD. Thesis<\/p>\n","protected":false},"author":1,"featured_media":178,"parent":0,"menu_order":0,"comment_status":"closed","ping_status":"closed","template":"","meta":{"footnotes":""},"class_list":["post-36","page","type-page","status-publish","has-post-thumbnail","hentry"],"guten_post_layout_featured_media_urls":{"full":["https:\/\/am-acts.eu\/wp-content\/uploads\/2022\/09\/dissemination.jpg",899,340,false],"thumbnail":["https:\/\/am-acts.eu\/wp-content\/uploads\/2022\/09\/dissemination-150x150.jpg",150,150,true],"medium":["https:\/\/am-acts.eu\/wp-content\/uploads\/2022\/09\/dissemination-300x113.jpg",300,113,true],"medium_large":["https:\/\/am-acts.eu\/wp-content\/uploads\/2022\/09\/dissemination-768x290.jpg",640,242,true],"large":["https:\/\/am-acts.eu\/wp-content\/uploads\/2022\/09\/dissemination.jpg",640,242,false],"1536x1536":["https:\/\/am-acts.eu\/wp-content\/uploads\/2022\/09\/dissemination.jpg",899,340,false],"2048x2048":["https:\/\/am-acts.eu\/wp-content\/uploads\/2022\/09\/dissemination.jpg",899,340,false],"guten_post_layout_landscape_large":["https:\/\/am-acts.eu\/wp-content\/uploads\/2022\/09\/dissemination.jpg",899,340,false],"guten_post_layout_portrait_large":["https:\/\/am-acts.eu\/wp-content\/uploads\/2022\/09\/dissemination.jpg",899,340,false],"guten_post_layout_square_large":["https:\/\/am-acts.eu\/wp-content\/uploads\/2022\/09\/dissemination.jpg",899,340,false],"guten_post_layout_landscape":["https:\/\/am-acts.eu\/wp-content\/uploads\/2022\/09\/dissemination.jpg",600,227,false],"guten_post_layout_portrait":["https:\/\/am-acts.eu\/wp-content\/uploads\/2022\/09\/dissemination.jpg",600,227,false],"guten_post_layout_square":["https:\/\/am-acts.eu\/wp-content\/uploads\/2022\/09\/dissemination.jpg",600,227,false],"sciencexlite-blog-thumb":["https:\/\/am-acts.eu\/wp-content\/uploads\/2022\/09\/dissemination-100x80.jpg",100,80,true]},"_links":{"self":[{"href":"https:\/\/am-acts.eu\/index.php?rest_route=\/wp\/v2\/pages\/36","targetHints":{"allow":["GET"]}}],"collection":[{"href":"https:\/\/am-acts.eu\/index.php?rest_route=\/wp\/v2\/pages"}],"about":[{"href":"https:\/\/am-acts.eu\/index.php?rest_route=\/wp\/v2\/types\/page"}],"author":[{"embeddable":true,"href":"https:\/\/am-acts.eu\/index.php?rest_route=\/wp\/v2\/users\/1"}],"replies":[{"embeddable":true,"href":"https:\/\/am-acts.eu\/index.php?rest_route=%2Fwp%2Fv2%2Fcomments&post=36"}],"version-history":[{"count":49,"href":"https:\/\/am-acts.eu\/index.php?rest_route=\/wp\/v2\/pages\/36\/revisions"}],"predecessor-version":[{"id":291,"href":"https:\/\/am-acts.eu\/index.php?rest_route=\/wp\/v2\/pages\/36\/revisions\/291"}],"wp:featuredmedia":[{"embeddable":true,"href":"https:\/\/am-acts.eu\/index.php?rest_route=\/wp\/v2\/media\/178"}],"wp:attachment":[{"href":"https:\/\/am-acts.eu\/index.php?rest_route=%2Fwp%2Fv2%2Fmedia&parent=36"}],"curies":[{"name":"wp","href":"https:\/\/api.w.org\/{rel}","templated":true}]}}